{"id":33,"date":"2017-01-23T16:39:40","date_gmt":"2017-01-23T15:39:40","guid":{"rendered":"http:\/\/www.schrauber-point.de\/?page_id=33"},"modified":"2026-02-20T12:45:40","modified_gmt":"2026-02-20T11:45:40","slug":"agb","status":"publish","type":"page","link":"https:\/\/www.schrauber-point.de\/?page_id=33","title":{"rendered":"AGB"},"content":{"rendered":"<h2>Allgemeine Gesch\u00e4ftsbedingungen<\/h2>\n<p>Es besteht keinerlei Sachm\u00e4ngelhaftung oder Garantieanspruch f\u00fcr Produkte und\/oder Betriebsstoffe, die vom Auftraggeber beschafft \/ beigestellt werden. Der Auftragnehmer beh\u00e4lt sich das recht vor, die Verwendung \/ Verarbeitung ab zu lehnen.<\/p>\n<p>F\u00fcr Fahrzeuge un doder Teile, die in den Betrieblichen R\u00e4umen der Motorradwerkstatt ab\/untergestellt\/gelagert werden, besteht kein Versicherungsschutz f\u00fcr Diebstahl, Teildiebstahl oder Wandalismuss. F\u00fcr eventuelle Sch\u00e4den oder Verlust von Teilen\/Fahrzeugen muss die Kaskoversicherung des Fahrzeughalters in Anspruch genommen werden. Ebenso f\u00fcr Fahrzeuge die au\u00dferhalb der \u00d6ffnungszeiten durch den Halter, Abschleppdienste oder anderen Personen auf dem Betriebsgel\u00e4nde abgestellt werden. Dies gilt auch f\u00fcr Schl\u00fcssel und Dokumente, die im Briefkasten deponiert werden.<\/p>\n<p><span class=\"BxUVEf ILfuVd\" lang=\"de\"><span class=\"hgKElc\">Gem\u00e4\u00df (\u00a7\u00a7 437, 438 BGB) gew\u00e4hrt die Firma Schrauber-Point 12 Monate Gew\u00e4hrleistung \/ Sachm\u00e4ngelhaftung, f\u00fcr Instandsetzung und Reparaturen an Gebrauchtfahrzeugen. Die Produkthaftung ist hiervon ausgenommen.<br \/>\n<\/span><\/span><\/p>\n<p>F\u00fcr die Durchf\u00fchrung von erbetenen\/geforderten\/notwendigen Probefahrten besteht kein Versicherungsschutz bei Sturtzschaden und\/oder bei Wildunfall. Der Auftragnehmer beh\u00e4lt sich das Recht vor, Probefahrten nicht durch zu f\u00fchren, wenn es daf\u00fcr ausreichende Gr\u00fcnde gibt (z.B Witterung, nicht verkehrssichere Fahrzeuge, umgebaute Fahrzeuge).<\/p>\n<p>Der Auftragnehmer beh\u00e4lt sich das Recht vor eine Standgeb\u00fchr zu berechnen (gem\u00e4\u00df aush\u00e4ngender Preisliste), wenn vereinbarte Abholtermine ohne angaben von Gr\u00fcnden oder Information nicht eingehalten werden.<\/p>\n<p>Die Entsorgung von Betriebsfl\u00fcssigkeiten und \u00d6lhaltigen Betriebsmitteln, die vom Auftraggeber beigesellt werden, ist kostenpflichtig (siehe Preisliste).<\/p>\n<p>Vor dem endg\u00fcltigen Verlassen des Betriebsgel\u00e4ndes sind alle angefallenden Kosten per Barzahlung oder per EC-Kartenzahlung zu entrichten.<\/p>\n<p>Schriftliche Bestellungen werden nur dann bearbeitet, wenn sie per e-mail, mit vollst\u00e4ndigem Namen, Anschrift und Telefonnummer eingehen.<\/p>\n<p>Eltern hafen f\u00fcr Ihre Kinder.<\/p>\n<p>Jeder Benutzer hat sich zu Beginn seiner T\u00e4tigkeit mit den allgemeinen Gesch\u00e4ftsbedingungen vertraut zu machen und diese somit zu akzeptieren.<\/p>\n","protected":false},"excerpt":{"rendered":"<p>Allgemeine Gesch\u00e4ftsbedingungen Es besteht keinerlei Sachm\u00e4ngelhaftung oder Garantieanspruch f\u00fcr Produkte und\/oder Betriebsstoffe, die vom Auftraggeber beschafft \/ beigestellt werden. Der Auftragnehmer beh\u00e4lt sich das recht vor, die Verwendung \/ Verarbeitung ab zu lehnen. F\u00fcr Fahrzeuge un doder Teile, die in den Betrieblichen R\u00e4umen der Motorradwerkstatt ab\/untergestellt\/gelagert werden, besteht kein Versicherungsschutz\u2026<\/p>\n<p> <a class=\"continue-reading-link\" href=\"https:\/\/www.schrauber-point.de\/?page_id=33\"><span>Continue reading<\/span><i class=\"crycon-right-dir\"><\/i><\/a> <\/p>\n","protected":false},"author":1,"featured_media":0,"parent":0,"menu_order":9,"comment_status":"closed","ping_status":"closed","template":"","meta":{"footnotes":""},"class_list":["post-33","page","type-page","status-publish","hentry"],"jetpack_sharing_enabled":true,"jetpack_shortlink":"https:\/\/wp.me\/Pa23bA-x","_links":{"self":[{"href":"https:\/\/www.schrauber-point.de\/index.php?rest_route=\/wp\/v2\/pages\/33","targetHints":{"allow":["GET"]}}],"collection":[{"href":"https:\/\/www.schrauber-point.de\/index.php?rest_route=\/wp\/v2\/pages"}],"about":[{"href":"https:\/\/www.schrauber-point.de\/index.php?rest_route=\/wp\/v2\/types\/page"}],"author":[{"embeddable":true,"href":"https:\/\/www.schrauber-point.de\/index.php?rest_route=\/wp\/v2\/users\/1"}],"replies":[{"embeddable":true,"href":"https:\/\/www.schrauber-point.de\/index.php?rest_route=%2Fwp%2Fv2%2Fcomments&post=33"}],"version-history":[{"count":8,"href":"https:\/\/www.schrauber-point.de\/index.php?rest_route=\/wp\/v2\/pages\/33\/revisions"}],"predecessor-version":[{"id":736,"href":"https:\/\/www.schrauber-point.de\/index.php?rest_route=\/wp\/v2\/pages\/33\/revisions\/736"}],"wp:attachment":[{"href":"https:\/\/www.schrauber-point.de\/index.php?rest_route=%2Fwp%2Fv2%2Fmedia&parent=33"}],"curies":[{"name":"wp","href":"https:\/\/api.w.org\/{rel}","templated":true}]}}